{"id":2819,"date":"2024-12-06T15:06:29","date_gmt":"2024-12-06T14:06:29","guid":{"rendered":"https:\/\/www.martineblanchart.fr\/?post_type=product&#038;p=2819"},"modified":"2024-12-06T15:06:29","modified_gmt":"2024-12-06T14:06:29","slug":"sil-te-plait-pere-noel","status":"publish","type":"product","link":"https:\/\/www.martineblanchart.fr\/index.php\/produit\/sil-te-plait-pere-noel\/","title":{"rendered":"S\u2019il te pla\u00eet P\u00e8re No\u00ebl"},"content":{"rendered":"<figure id=\"attachment_2817\" aria-describedby=\"caption-attachment-2817\" style=\"width: 197px\" class=\"wp-caption alignnone\"><img loading=\"lazy\" decoding=\"async\" src=\"https:\/\/www.martineblanchart.fr\/wp-content\/uploads\/2024\/12\/image-scaled-e1733493155161-197x300.jpg\" alt=\"\" width=\"197\" height=\"300\" class=\"size-medium wp-image-2817\" srcset=\"https:\/\/www.martineblanchart.fr\/wp-content\/uploads\/2024\/12\/image-scaled-e1733493155161-197x300.jpg 197w, https:\/\/www.martineblanchart.fr\/wp-content\/uploads\/2024\/12\/image-scaled-e1733493155161-671x1024.jpg 671w, https:\/\/www.martineblanchart.fr\/wp-content\/uploads\/2024\/12\/image-scaled-e1733493155161-768x1172.jpg 768w, https:\/\/www.martineblanchart.fr\/wp-content\/uploads\/2024\/12\/image-scaled-e1733493155161-1006x1536.jpg 1006w, https:\/\/www.martineblanchart.fr\/wp-content\/uploads\/2024\/12\/image-scaled-e1733493155161-1341x2048.jpg 1341w, https:\/\/www.martineblanchart.fr\/wp-content\/uploads\/2024\/12\/image-scaled-e1733493155161-1140x1740.jpg 1140w, https:\/\/www.martineblanchart.fr\/wp-content\/uploads\/2024\/12\/image-scaled-e1733493155161-600x916.jpg 600w, https:\/\/www.martineblanchart.fr\/wp-content\/uploads\/2024\/12\/image-scaled-e1733493155161.jpg 1557w\" sizes=\"auto, (max-width: 197px) 100vw, 197px\" \/><figcaption id=\"caption-attachment-2817\" class=\"wp-caption-text\">Nestor souhaite un cadeau tr\u00e8s sp\u00e9cial \u00e0 No\u00ebl..<\/figcaption><\/figure>\n","protected":false},"excerpt":{"rendered":"[caption id=\"attachment_2817\" align=\"alignnone\" width=\"197\"]<img loading=\"lazy\" decoding=\"async\" class=\"size-medium wp-image-2817\" src=\"https:\/\/www.martineblanchart.fr\/wp-content\/uploads\/2024\/12\/image-scaled-e1733493155161-197x300.jpg\" alt=\"\" width=\"197\" height=\"300\" srcset=\"https:\/\/www.martineblanchart.fr\/wp-content\/uploads\/2024\/12\/image-scaled-e1733493155161-197x300.jpg 197w, https:\/\/www.martineblanchart.fr\/wp-content\/uploads\/2024\/12\/image-scaled-e1733493155161-671x1024.jpg 671w, https:\/\/www.martineblanchart.fr\/wp-content\/uploads\/2024\/12\/image-scaled-e1733493155161-768x1172.jpg 768w, https:\/\/www.martineblanchart.fr\/wp-content\/uploads\/2024\/12\/image-scaled-e1733493155161-1006x1536.jpg 1006w, https:\/\/www.martineblanchart.fr\/wp-content\/uploads\/2024\/12\/image-scaled-e1733493155161-1341x2048.jpg 1341w, https:\/\/www.martineblanchart.fr\/wp-content\/uploads\/2024\/12\/image-scaled-e1733493155161-1140x1740.jpg 1140w, https:\/\/www.martineblanchart.fr\/wp-content\/uploads\/2024\/12\/image-scaled-e1733493155161-600x916.jpg 600w, https:\/\/www.martineblanchart.fr\/wp-content\/uploads\/2024\/12\/image-scaled-e1733493155161.jpg 1557w\" sizes=\"auto, (max-width: 197px) 100vw, 197px\" \/> Nestor souhaite un cadeau tr\u00e8s sp\u00e9cial \u00e0 No\u00ebl..[\/caption]\n<p>Est-ce que le P\u00e8re No\u00ebl va lui d\u00e9poser au pied du sapin ? <\/p>\n","protected":false},"featured_media":0,"comment_status":"closed","ping_status":"closed","template":"","meta":[],"product_cat":[18],"product_tag":[],"class_list":["post-2819","product","type-product","status-publish","hentry","product_cat-contes-jeunes-enfants"],"_links":{"self":[{"href":"https:\/\/www.martineblanchart.fr\/index.php\/wp-json\/wp\/v2\/product\/2819","targetHints":{"allow":["GET"]}}],"collection":[{"href":"https:\/\/www.martineblanchart.fr\/index.php\/wp-json\/wp\/v2\/product"}],"about":[{"href":"https:\/\/www.martineblanchart.fr\/index.php\/wp-json\/wp\/v2\/types\/product"}],"replies":[{"embeddable":true,"href":"https:\/\/www.martineblanchart.fr\/index.php\/wp-json\/wp\/v2\/comments?post=2819"}],"wp:attachment":[{"href":"https:\/\/www.martineblanchart.fr\/index.php\/wp-json\/wp\/v2\/media?parent=2819"}],"wp:term":[{"taxonomy":"product_cat","embeddable":true,"href":"https:\/\/www.martineblanchart.fr\/index.php\/wp-json\/wp\/v2\/product_cat?post=2819"},{"taxonomy":"product_tag","embeddable":true,"href":"https:\/\/www.martineblanchart.fr\/index.php\/wp-json\/wp\/v2\/product_tag?post=2819"}],"curies":[{"name":"wp","href":"https:\/\/api.w.org\/{rel}","templated":true}]}}