{"id":2821,"date":"2024-12-06T15:13:40","date_gmt":"2024-12-06T14:13:40","guid":{"rendered":"https:\/\/www.martineblanchart.fr\/?post_type=product&#038;p=2821"},"modified":"2024-12-06T15:21:21","modified_gmt":"2024-12-06T14:21:21","slug":"en-route-pour-le-spectacle","status":"publish","type":"product","link":"https:\/\/www.martineblanchart.fr\/index.php\/produit\/en-route-pour-le-spectacle\/","title":{"rendered":"En route pour le spectacle"},"content":{"rendered":"<p><img loading=\"lazy\" decoding=\"async\" src=\"https:\/\/www.martineblanchart.fr\/wp-content\/uploads\/2024\/12\/image-2-scaled-e1733493271108-204x300.jpg\" alt=\"\" width=\"204\" height=\"300\" class=\"alignnone size-medium wp-image-2814\" srcset=\"https:\/\/www.martineblanchart.fr\/wp-content\/uploads\/2024\/12\/image-2-scaled-e1733493271108-204x300.jpg 204w, https:\/\/www.martineblanchart.fr\/wp-content\/uploads\/2024\/12\/image-2-scaled-e1733493271108-697x1024.jpg 697w, https:\/\/www.martineblanchart.fr\/wp-content\/uploads\/2024\/12\/image-2-scaled-e1733493271108-768x1129.jpg 768w, https:\/\/www.martineblanchart.fr\/wp-content\/uploads\/2024\/12\/image-2-scaled-e1733493271108-1045x1536.jpg 1045w, https:\/\/www.martineblanchart.fr\/wp-content\/uploads\/2024\/12\/image-2-scaled-e1733493271108-1393x2048.jpg 1393w, https:\/\/www.martineblanchart.fr\/wp-content\/uploads\/2024\/12\/image-2-scaled-e1733493271108-1140x1676.jpg 1140w, https:\/\/www.martineblanchart.fr\/wp-content\/uploads\/2024\/12\/image-2-scaled-e1733493271108-600x882.jpg 600w, https:\/\/www.martineblanchart.fr\/wp-content\/uploads\/2024\/12\/image-2-scaled-e1733493271108.jpg 1515w\" sizes=\"auto, (max-width: 204px) 100vw, 204px\" \/><\/p>\n","protected":false},"excerpt":{"rendered":"<p><img loading=\"lazy\" decoding=\"async\" class=\"alignnone size-medium wp-image-2814\" src=\"https:\/\/www.martineblanchart.fr\/wp-content\/uploads\/2024\/12\/image-2-scaled-e1733493271108-204x300.jpg\" alt=\"\" width=\"204\" height=\"300\" srcset=\"https:\/\/www.martineblanchart.fr\/wp-content\/uploads\/2024\/12\/image-2-scaled-e1733493271108-204x300.jpg 204w, https:\/\/www.martineblanchart.fr\/wp-content\/uploads\/2024\/12\/image-2-scaled-e1733493271108-697x1024.jpg 697w, https:\/\/www.martineblanchart.fr\/wp-content\/uploads\/2024\/12\/image-2-scaled-e1733493271108-768x1129.jpg 768w, https:\/\/www.martineblanchart.fr\/wp-content\/uploads\/2024\/12\/image-2-scaled-e1733493271108-1045x1536.jpg 1045w, https:\/\/www.martineblanchart.fr\/wp-content\/uploads\/2024\/12\/image-2-scaled-e1733493271108-1393x2048.jpg 1393w, https:\/\/www.martineblanchart.fr\/wp-content\/uploads\/2024\/12\/image-2-scaled-e1733493271108-1140x1676.jpg 1140w, https:\/\/www.martineblanchart.fr\/wp-content\/uploads\/2024\/12\/image-2-scaled-e1733493271108-600x882.jpg 600w, https:\/\/www.martineblanchart.fr\/wp-content\/uploads\/2024\/12\/image-2-scaled-e1733493271108.jpg 1515w\" sizes=\"auto, (max-width: 204px) 100vw, 204px\" \/><\/p>\n<p>Vite,vite ! Il faut se pr\u00e9parer pour rejoindre les copains !<br \/>\nNestor est press\u00e9\u2026 trop press\u00e9 ! Et une petite m\u00e9saventure va sans doute tout g\u00e2cher !<\/p>\n","protected":false},"featured_media":0,"comment_status":"closed","ping_status":"closed","template":"","meta":[],"product_cat":[18],"product_tag":[],"class_list":["post-2821","product","type-product","status-publish","hentry","product_cat-contes-jeunes-enfants"],"_links":{"self":[{"href":"https:\/\/www.martineblanchart.fr\/index.php\/wp-json\/wp\/v2\/product\/2821","targetHints":{"allow":["GET"]}}],"collection":[{"href":"https:\/\/www.martineblanchart.fr\/index.php\/wp-json\/wp\/v2\/product"}],"about":[{"href":"https:\/\/www.martineblanchart.fr\/index.php\/wp-json\/wp\/v2\/types\/product"}],"replies":[{"embeddable":true,"href":"https:\/\/www.martineblanchart.fr\/index.php\/wp-json\/wp\/v2\/comments?post=2821"}],"wp:attachment":[{"href":"https:\/\/www.martineblanchart.fr\/index.php\/wp-json\/wp\/v2\/media?parent=2821"}],"wp:term":[{"taxonomy":"product_cat","embeddable":true,"href":"https:\/\/www.martineblanchart.fr\/index.php\/wp-json\/wp\/v2\/product_cat?post=2821"},{"taxonomy":"product_tag","embeddable":true,"href":"https:\/\/www.martineblanchart.fr\/index.php\/wp-json\/wp\/v2\/product_tag?post=2821"}],"curies":[{"name":"wp","href":"https:\/\/api.w.org\/{rel}","templated":true}]}}