{"id":2822,"date":"2024-12-06T15:16:32","date_gmt":"2024-12-06T14:16:32","guid":{"rendered":"https:\/\/www.martineblanchart.fr\/?post_type=product&#038;p=2822"},"modified":"2024-12-06T15:16:32","modified_gmt":"2024-12-06T14:16:32","slug":"la-classe-de-neige-cest-super","status":"publish","type":"product","link":"https:\/\/www.martineblanchart.fr\/index.php\/produit\/la-classe-de-neige-cest-super\/","title":{"rendered":"La classe de neige, c\u2019est super !"},"content":{"rendered":"<p><img loading=\"lazy\" decoding=\"async\" src=\"https:\/\/www.martineblanchart.fr\/wp-content\/uploads\/2024\/12\/image-3-scaled-e1733493243616-205x300.jpg\" alt=\"\" width=\"205\" height=\"300\" class=\"alignnone size-medium wp-image-2815\" srcset=\"https:\/\/www.martineblanchart.fr\/wp-content\/uploads\/2024\/12\/image-3-scaled-e1733493243616-205x300.jpg 205w, https:\/\/www.martineblanchart.fr\/wp-content\/uploads\/2024\/12\/image-3-scaled-e1733493243616-701x1024.jpg 701w, https:\/\/www.martineblanchart.fr\/wp-content\/uploads\/2024\/12\/image-3-scaled-e1733493243616-768x1123.jpg 768w, https:\/\/www.martineblanchart.fr\/wp-content\/uploads\/2024\/12\/image-3-scaled-e1733493243616-1051x1536.jpg 1051w, https:\/\/www.martineblanchart.fr\/wp-content\/uploads\/2024\/12\/image-3-scaled-e1733493243616-1401x2048.jpg 1401w, https:\/\/www.martineblanchart.fr\/wp-content\/uploads\/2024\/12\/image-3-scaled-e1733493243616-1140x1666.jpg 1140w, https:\/\/www.martineblanchart.fr\/wp-content\/uploads\/2024\/12\/image-3-scaled-e1733493243616-600x877.jpg 600w, https:\/\/www.martineblanchart.fr\/wp-content\/uploads\/2024\/12\/image-3-scaled-e1733493243616.jpg 1553w\" sizes=\"auto, (max-width: 205px) 100vw, 205px\" \/><\/p>\n","protected":false},"excerpt":{"rendered":"<p><img loading=\"lazy\" decoding=\"async\" src=\"https:\/\/www.martineblanchart.fr\/wp-content\/uploads\/2024\/12\/image-3-scaled-e1733493243616-205x300.jpg\" alt=\"\" width=\"205\" height=\"300\" class=\"alignnone size-medium wp-image-2815\" srcset=\"https:\/\/www.martineblanchart.fr\/wp-content\/uploads\/2024\/12\/image-3-scaled-e1733493243616-205x300.jpg 205w, https:\/\/www.martineblanchart.fr\/wp-content\/uploads\/2024\/12\/image-3-scaled-e1733493243616-701x1024.jpg 701w, https:\/\/www.martineblanchart.fr\/wp-content\/uploads\/2024\/12\/image-3-scaled-e1733493243616-768x1123.jpg 768w, https:\/\/www.martineblanchart.fr\/wp-content\/uploads\/2024\/12\/image-3-scaled-e1733493243616-1051x1536.jpg 1051w, https:\/\/www.martineblanchart.fr\/wp-content\/uploads\/2024\/12\/image-3-scaled-e1733493243616-1401x2048.jpg 1401w, https:\/\/www.martineblanchart.fr\/wp-content\/uploads\/2024\/12\/image-3-scaled-e1733493243616-1140x1666.jpg 1140w, https:\/\/www.martineblanchart.fr\/wp-content\/uploads\/2024\/12\/image-3-scaled-e1733493243616-600x877.jpg 600w, https:\/\/www.martineblanchart.fr\/wp-content\/uploads\/2024\/12\/image-3-scaled-e1733493243616.jpg 1553w\" sizes=\"auto, (max-width: 205px) 100vw, 205px\" \/><\/p>\n<p>Nestor et les ins\u00e9parables partent \u00e0 la d\u00e9couverte de la montagne en hiver ! Tout ne va pas se passer aussi facilement qu\u2019ils l\u2019imaginent !<\/p>\n","protected":false},"featured_media":0,"comment_status":"closed","ping_status":"closed","template":"","meta":[],"product_cat":[15],"product_tag":[],"class_list":["post-2822","product","type-product","status-publish","hentry","product_cat-non-classe"],"_links":{"self":[{"href":"https:\/\/www.martineblanchart.fr\/index.php\/wp-json\/wp\/v2\/product\/2822","targetHints":{"allow":["GET"]}}],"collection":[{"href":"https:\/\/www.martineblanchart.fr\/index.php\/wp-json\/wp\/v2\/product"}],"about":[{"href":"https:\/\/www.martineblanchart.fr\/index.php\/wp-json\/wp\/v2\/types\/product"}],"replies":[{"embeddable":true,"href":"https:\/\/www.martineblanchart.fr\/index.php\/wp-json\/wp\/v2\/comments?post=2822"}],"wp:attachment":[{"href":"https:\/\/www.martineblanchart.fr\/index.php\/wp-json\/wp\/v2\/media?parent=2822"}],"wp:term":[{"taxonomy":"product_cat","embeddable":true,"href":"https:\/\/www.martineblanchart.fr\/index.php\/wp-json\/wp\/v2\/product_cat?post=2822"},{"taxonomy":"product_tag","embeddable":true,"href":"https:\/\/www.martineblanchart.fr\/index.php\/wp-json\/wp\/v2\/product_tag?post=2822"}],"curies":[{"name":"wp","href":"https:\/\/api.w.org\/{rel}","templated":true}]}}