{"id":2823,"date":"2024-12-06T15:19:33","date_gmt":"2024-12-06T14:19:33","guid":{"rendered":"https:\/\/www.martineblanchart.fr\/?post_type=product&#038;p=2823"},"modified":"2024-12-06T15:19:33","modified_gmt":"2024-12-06T14:19:33","slug":"la-fee-des-phoques","status":"publish","type":"product","link":"https:\/\/www.martineblanchart.fr\/index.php\/produit\/la-fee-des-phoques\/","title":{"rendered":"La F\u00e9e des phoques"},"content":{"rendered":"<p><img loading=\"lazy\" decoding=\"async\" src=\"https:\/\/www.martineblanchart.fr\/wp-content\/uploads\/2024\/12\/image-4-scaled-e1733493209457-200x300.jpg\" alt=\"\" width=\"200\" height=\"300\" class=\"alignnone size-medium wp-image-2816\" srcset=\"https:\/\/www.martineblanchart.fr\/wp-content\/uploads\/2024\/12\/image-4-scaled-e1733493209457-200x300.jpg 200w, https:\/\/www.martineblanchart.fr\/wp-content\/uploads\/2024\/12\/image-4-scaled-e1733493209457-683x1024.jpg 683w, https:\/\/www.martineblanchart.fr\/wp-content\/uploads\/2024\/12\/image-4-scaled-e1733493209457-768x1152.jpg 768w, https:\/\/www.martineblanchart.fr\/wp-content\/uploads\/2024\/12\/image-4-scaled-e1733493209457-1024x1536.jpg 1024w, https:\/\/www.martineblanchart.fr\/wp-content\/uploads\/2024\/12\/image-4-scaled-e1733493209457-1365x2048.jpg 1365w, https:\/\/www.martineblanchart.fr\/wp-content\/uploads\/2024\/12\/image-4-scaled-e1733493209457-1140x1710.jpg 1140w, https:\/\/www.martineblanchart.fr\/wp-content\/uploads\/2024\/12\/image-4-scaled-e1733493209457-600x900.jpg 600w, https:\/\/www.martineblanchart.fr\/wp-content\/uploads\/2024\/12\/image-4-scaled-e1733493209457.jpg 1425w\" sizes=\"auto, (max-width: 200px) 100vw, 200px\" \/><\/p>\n","protected":false},"excerpt":{"rendered":"<p><img loading=\"lazy\" decoding=\"async\" src=\"https:\/\/www.martineblanchart.fr\/wp-content\/uploads\/2024\/12\/image-4-scaled-e1733493209457-200x300.jpg\" alt=\"\" width=\"200\" height=\"300\" class=\"alignnone size-medium wp-image-2816\" srcset=\"https:\/\/www.martineblanchart.fr\/wp-content\/uploads\/2024\/12\/image-4-scaled-e1733493209457-200x300.jpg 200w, https:\/\/www.martineblanchart.fr\/wp-content\/uploads\/2024\/12\/image-4-scaled-e1733493209457-683x1024.jpg 683w, https:\/\/www.martineblanchart.fr\/wp-content\/uploads\/2024\/12\/image-4-scaled-e1733493209457-768x1152.jpg 768w, https:\/\/www.martineblanchart.fr\/wp-content\/uploads\/2024\/12\/image-4-scaled-e1733493209457-1024x1536.jpg 1024w, https:\/\/www.martineblanchart.fr\/wp-content\/uploads\/2024\/12\/image-4-scaled-e1733493209457-1365x2048.jpg 1365w, https:\/\/www.martineblanchart.fr\/wp-content\/uploads\/2024\/12\/image-4-scaled-e1733493209457-1140x1710.jpg 1140w, https:\/\/www.martineblanchart.fr\/wp-content\/uploads\/2024\/12\/image-4-scaled-e1733493209457-600x900.jpg 600w, https:\/\/www.martineblanchart.fr\/wp-content\/uploads\/2024\/12\/image-4-scaled-e1733493209457.jpg 1425w\" sizes=\"auto, (max-width: 200px) 100vw, 200px\" \/><\/p>\n<p>Nestor et les ins\u00e9parables sont en vacances d\u2019\u00e9t\u00e9 \u00e0 la mer. Sur la plage ils vont rencontrer une petite fille.<br \/>\n\u00ab\u00a0Je suis la F\u00e9e des phoques\u00a0\u00bb leur dit-elle. Ils n\u2019y croient pas une seule seconde ! Pourtant\u2026<\/p>\n","protected":false},"featured_media":0,"comment_status":"closed","ping_status":"closed","template":"","meta":[],"product_cat":[18],"product_tag":[],"class_list":["post-2823","product","type-product","status-publish","hentry","product_cat-contes-jeunes-enfants"],"_links":{"self":[{"href":"https:\/\/www.martineblanchart.fr\/index.php\/wp-json\/wp\/v2\/product\/2823","targetHints":{"allow":["GET"]}}],"collection":[{"href":"https:\/\/www.martineblanchart.fr\/index.php\/wp-json\/wp\/v2\/product"}],"about":[{"href":"https:\/\/www.martineblanchart.fr\/index.php\/wp-json\/wp\/v2\/types\/product"}],"replies":[{"embeddable":true,"href":"https:\/\/www.martineblanchart.fr\/index.php\/wp-json\/wp\/v2\/comments?post=2823"}],"wp:attachment":[{"href":"https:\/\/www.martineblanchart.fr\/index.php\/wp-json\/wp\/v2\/media?parent=2823"}],"wp:term":[{"taxonomy":"product_cat","embeddable":true,"href":"https:\/\/www.martineblanchart.fr\/index.php\/wp-json\/wp\/v2\/product_cat?post=2823"},{"taxonomy":"product_tag","embeddable":true,"href":"https:\/\/www.martineblanchart.fr\/index.php\/wp-json\/wp\/v2\/product_tag?post=2823"}],"curies":[{"name":"wp","href":"https:\/\/api.w.org\/{rel}","templated":true}]}}