{"id":70,"date":"2019-05-03T11:41:15","date_gmt":"2019-05-03T09:41:15","guid":{"rendered":"https:\/\/www.martineblanchart.fr\/?post_type=product&#038;p=70"},"modified":"2019-05-03T11:42:16","modified_gmt":"2019-05-03T09:42:16","slug":"70","status":"publish","type":"product","link":"https:\/\/www.martineblanchart.fr\/index.php\/produit\/70\/","title":{"rendered":"Le Myst\u00e8re des Lettres"},"content":{"rendered":"","protected":false},"excerpt":{"rendered":"<p>Le village de Chazy Surpate est en \u00e9moi ! Des Lettres myst\u00e9rieuses ont \u00e9t\u00e9 peintes sur le mur du ch\u00e2teau et Monsieur Long-Nez, son propri\u00e9taire, est extr\u00eamement contrari\u00e9 ! Il faut vite retrouver le coupable ! Un c\u00e9l\u00e8bre d\u00e9tective va tout mettre en \u0153uvre pour r\u00e9soudre cette \u00e9nigme \u00e0 l\u2019aide d\u2019un collaborateur inattendu&#8230;.<\/p>\n","protected":false},"featured_media":24,"comment_status":"open","ping_status":"closed","template":"","meta":[],"product_cat":[19,17],"product_tag":[22],"class_list":["post-70","product","type-product","status-publish","has-post-thumbnail","hentry","product_cat-contes-grands-enfants","product_cat-livres","product_tag-mystere"],"_links":{"self":[{"href":"https:\/\/www.martineblanchart.fr\/index.php\/wp-json\/wp\/v2\/product\/70","targetHints":{"allow":["GET"]}}],"collection":[{"href":"https:\/\/www.martineblanchart.fr\/index.php\/wp-json\/wp\/v2\/product"}],"about":[{"href":"https:\/\/www.martineblanchart.fr\/index.php\/wp-json\/wp\/v2\/types\/product"}],"replies":[{"embeddable":true,"href":"https:\/\/www.martineblanchart.fr\/index.php\/wp-json\/wp\/v2\/comments?post=70"}],"wp:featuredmedia":[{"embeddable":true,"href":"https:\/\/www.martineblanchart.fr\/index.php\/wp-json\/wp\/v2\/media\/24"}],"wp:attachment":[{"href":"https:\/\/www.martineblanchart.fr\/index.php\/wp-json\/wp\/v2\/media?parent=70"}],"wp:term":[{"taxonomy":"product_cat","embeddable":true,"href":"https:\/\/www.martineblanchart.fr\/index.php\/wp-json\/wp\/v2\/product_cat?post=70"},{"taxonomy":"product_tag","embeddable":true,"href":"https:\/\/www.martineblanchart.fr\/index.php\/wp-json\/wp\/v2\/product_tag?post=70"}],"curies":[{"name":"wp","href":"https:\/\/api.w.org\/{rel}","templated":true}]}}