{"id":72,"date":"2019-05-03T11:47:54","date_gmt":"2019-05-03T09:47:54","guid":{"rendered":"https:\/\/www.martineblanchart.fr\/?post_type=product&#038;p=72"},"modified":"2019-05-03T11:47:54","modified_gmt":"2019-05-03T09:47:54","slug":"mystere-au-pays-de-viltreloin","status":"publish","type":"product","link":"https:\/\/www.martineblanchart.fr\/index.php\/produit\/mystere-au-pays-de-viltreloin\/","title":{"rendered":"Myst\u00e8re au Pays de Viltr\u00e9loin"},"content":{"rendered":"","protected":false},"excerpt":{"rendered":"<p>Une nouvelle aventure va r\u00e9unir Ama et Clovis au Pays de Viltr\u00e9loin.<\/p>\n<p>Ama y attend impatiemment son nouveau collaborateur : \u00ab besoin de vous pour enqu\u00eate ! Venir illico ! Allez hop ! Suivre plan dans enveloppe ! \u00bb a-t-il \u00e9crit \u00e0 Clovis qui se demande de bien quel Myst\u00e8re l\u2019attend l\u00e0-bas !<\/p>\n","protected":false},"featured_media":22,"comment_status":"open","ping_status":"closed","template":"","meta":[],"product_cat":[19,17],"product_tag":[22],"class_list":["post-72","product","type-product","status-publish","has-post-thumbnail","hentry","product_cat-contes-grands-enfants","product_cat-livres","product_tag-mystere"],"_links":{"self":[{"href":"https:\/\/www.martineblanchart.fr\/index.php\/wp-json\/wp\/v2\/product\/72","targetHints":{"allow":["GET"]}}],"collection":[{"href":"https:\/\/www.martineblanchart.fr\/index.php\/wp-json\/wp\/v2\/product"}],"about":[{"href":"https:\/\/www.martineblanchart.fr\/index.php\/wp-json\/wp\/v2\/types\/product"}],"replies":[{"embeddable":true,"href":"https:\/\/www.martineblanchart.fr\/index.php\/wp-json\/wp\/v2\/comments?post=72"}],"wp:featuredmedia":[{"embeddable":true,"href":"https:\/\/www.martineblanchart.fr\/index.php\/wp-json\/wp\/v2\/media\/22"}],"wp:attachment":[{"href":"https:\/\/www.martineblanchart.fr\/index.php\/wp-json\/wp\/v2\/media?parent=72"}],"wp:term":[{"taxonomy":"product_cat","embeddable":true,"href":"https:\/\/www.martineblanchart.fr\/index.php\/wp-json\/wp\/v2\/product_cat?post=72"},{"taxonomy":"product_tag","embeddable":true,"href":"https:\/\/www.martineblanchart.fr\/index.php\/wp-json\/wp\/v2\/product_tag?post=72"}],"curies":[{"name":"wp","href":"https:\/\/api.w.org\/{rel}","templated":true}]}}