{"id":73,"date":"2019-05-03T11:51:22","date_gmt":"2019-05-03T09:51:22","guid":{"rendered":"https:\/\/www.martineblanchart.fr\/?post_type=product&#038;p=73"},"modified":"2019-05-03T11:51:23","modified_gmt":"2019-05-03T09:51:23","slug":"mystere-sur-lile-aux-cent-leprechaun","status":"publish","type":"product","link":"https:\/\/www.martineblanchart.fr\/index.php\/produit\/mystere-sur-lile-aux-cent-leprechaun\/","title":{"rendered":"Myst\u00e8re sur l\u2019\u00eele aux Cent Leprechaun"},"content":{"rendered":"","protected":false},"excerpt":{"rendered":"<p>Ama serait-il en danger ? Clovis a re\u00e7u de son ami une lettre bien inqui\u00e9tante. Il doit vite lui venir en aide. Pour cela il doit se re dire sur une \u00eele au nom bien curieux&#8230;..<\/p>\n","protected":false},"featured_media":27,"comment_status":"open","ping_status":"closed","template":"","meta":[],"product_cat":[19,17],"product_tag":[22],"class_list":["post-73","product","type-product","status-publish","has-post-thumbnail","hentry","product_cat-contes-grands-enfants","product_cat-livres","product_tag-mystere"],"_links":{"self":[{"href":"https:\/\/www.martineblanchart.fr\/index.php\/wp-json\/wp\/v2\/product\/73","targetHints":{"allow":["GET"]}}],"collection":[{"href":"https:\/\/www.martineblanchart.fr\/index.php\/wp-json\/wp\/v2\/product"}],"about":[{"href":"https:\/\/www.martineblanchart.fr\/index.php\/wp-json\/wp\/v2\/types\/product"}],"replies":[{"embeddable":true,"href":"https:\/\/www.martineblanchart.fr\/index.php\/wp-json\/wp\/v2\/comments?post=73"}],"wp:featuredmedia":[{"embeddable":true,"href":"https:\/\/www.martineblanchart.fr\/index.php\/wp-json\/wp\/v2\/media\/27"}],"wp:attachment":[{"href":"https:\/\/www.martineblanchart.fr\/index.php\/wp-json\/wp\/v2\/media?parent=73"}],"wp:term":[{"taxonomy":"product_cat","embeddable":true,"href":"https:\/\/www.martineblanchart.fr\/index.php\/wp-json\/wp\/v2\/product_cat?post=73"},{"taxonomy":"product_tag","embeddable":true,"href":"https:\/\/www.martineblanchart.fr\/index.php\/wp-json\/wp\/v2\/product_tag?post=73"}],"curies":[{"name":"wp","href":"https:\/\/api.w.org\/{rel}","templated":true}]}}